{"id":60,"date":"2025-03-02T18:58:06","date_gmt":"2025-03-02T17:58:06","guid":{"rendered":"https:\/\/concon.eu\/pl\/?page_id=60"},"modified":"2025-03-23T23:37:39","modified_gmt":"2025-03-23T22:37:39","slug":"about","status":"publish","type":"page","link":"https:\/\/concon.eu\/pl\/about\/","title":{"rendered":"O nas"},"content":{"rendered":"\n<div class=\"wp-block-ogb-columns ogb-block ogb-columns ogb-columns-82300a58\"><div class=\"ogb-columns-container\">\n<div class=\"ogb-block ogb-column ogb-column-b63c56ea\"><div class=\"ogb-column-container\">\n<div style=\"height:20px\" aria-hidden=\"true\" class=\"wp-block-spacer\"><\/div>\n\n\n\n<div class=\"ogb-block ogb-heading ogb-heading-0288ac70 ogb-heading-left\"><h2 class=\"ogb-heading-text\">Cze\u015b\u0107, jestem Tomasz.<br>Jak mog\u0119 pom\u00f3c Twojej firmie?<\/h2><\/div>\n\n\n\n<div class=\"wp-block-media-text has-media-on-the-right is-stacked-on-mobile is-vertically-aligned-top\" style=\"grid-template-columns:auto 40%\"><div class=\"wp-block-media-text__content\">\n<div style=\"height:10px\" aria-hidden=\"true\" class=\"wp-block-spacer\"><\/div>\n\n\n\n<p class=\"tt-about-text tt-about-text-nospace\">Bezpiecze\u0144stwo informacji i&nbsp;system\u00f3w IT to nie tylko kwestia technologii&nbsp;\u2013 to strategiczny fundament Twojego biznesu. Od ponad 20 lat pomagam firmom i&nbsp;organizacjom osi\u0105ga\u0107 realn\u0105 cyberodporno\u015b\u0107, dbaj\u0105c o to, by ich systemy by\u0142y nie tylko bezpieczne, ale tak\u017ce wspiera\u0142y cele biznesowe.<\/p>\n\n\n\n<p class=\"tt-about-text\">Bo wiem, \u017ce najwa\u017cniejszy jest biznes, a&nbsp;bezpiecze\u0144stwo nie powinno go ogranicza\u0107.<\/p>\n\n\n\n<p class=\"tt-about-text\">Pracowa\u0142em w r\u00f3\u017cnych bran\u017cach&nbsp;\u2013 od finans\u00f3w, przez testowanie i&nbsp;certyfikacj\u0119, po produkcj\u0119 elektroniki.<\/p>\n\n\n\n<p class=\"tt-about-text \">Cz\u0119sto widzia\u0142em, jak firmy i&nbsp;ludzie wpadaj\u0105 w&nbsp;pu\u0142apk\u0119 my\u015blenia, \u017ce technologia jest celem samym w sobie lub \u017ce pe\u0142ne bezpiecze\u0144stwo jest mo\u017cliwe. W rzeczywisto\u015bci liczy si\u0119 r\u00f3wnowaga&nbsp;\u2013 rozs\u0105dne podej\u015bcie do ryzyka i systemowe rozwi\u0105zania, kt\u00f3re dzia\u0142aj\u0105 w&nbsp;praktyce.<\/p>\n\n\n\n<p class=\"tt-about-text\">Zawsze \u0142\u0105czy\u0142em technologi\u0119 z&nbsp;biznesem, zapewniaj\u0105c r\u00f3wnowag\u0119 mi\u0119dzy innowacj\u0105, bezpiecze\u0144stwem i efektywno\u015bci\u0105. Wiem, \u017ce rozwi\u0105zania po\u0142owiczne to strata czasu i zasob\u00f3w&nbsp;\u2013 dlatego dzia\u0142am precyzyjnie, systemowo i&nbsp;bez kompromis\u00f3w.<\/p>\n\n\n\n<p class=\"tt-about-text\">Nie oferuj\u0119 gotowych schemat\u00f3w ani \u201emagicznych\u201d rozwi\u0105za\u0144. Dostosowuj\u0119 strategi\u0119 do Twoich realnych potrzeb&nbsp;\u2013 tak, by Twoja firma by\u0142a gotowa na wyzwania jutra.<\/p>\n<\/div><figure class=\"wp-block-media-text__media\"><img loading=\"lazy\" decoding=\"async\" width=\"1069\" height=\"1145\" src=\"https:\/\/concon.eu\/wp-content\/uploads\/2025\/03\/tt_oval.png\" alt=\"\" class=\"wp-image-1548 size-full\" srcset=\"https:\/\/concon.eu\/wp-content\/uploads\/2025\/03\/tt_oval.png 1069w, https:\/\/concon.eu\/wp-content\/uploads\/2025\/03\/tt_oval-560x600.png 560w, https:\/\/concon.eu\/wp-content\/uploads\/2025\/03\/tt_oval-768x823.png 768w\" sizes=\"auto, (max-width: 1069px) 100vw, 1069px\" \/><\/figure><\/div>\n\n\n\n<div style=\"height:20px\" aria-hidden=\"true\" class=\"wp-block-spacer\"><\/div>\n\n\n\n<div class=\"ogb-block ogb-section ogb-section-0c7471b8\"><div class=\"ogb-section-container\">\n<div class=\"ogb-block ogb-heading ogb-heading-31a70f8e ogb-heading-center\"><h3 class=\"ogb-heading-text\">Pomagamy dzisiaj osi\u0105gn\u0105\u0107 dojrza\u0142o\u015b\u0107 technologiczn\u0105 oraz cyber\u00a0odporno\u015b\u0107 firm i\u00a0przedsi\u0119biorstw na wyzwania jutra.<\/h3><\/div>\n\n\n\n<p class=\"has-text-align-center tt-about-text-center\">\ud83d\udca1 <strong>Je\u015bli zale\u017cy Ci na solidnym, przemy\u015blanym i<\/strong>&nbsp;<strong>skutecznym podej\u015bciu do bezpiecze\u0144stwa<\/strong>&nbsp;<strong>IT i<\/strong>&nbsp;<strong>informacji, porozmawiajmy.<\/strong><\/p>\n\n\n\n<p class=\"has-text-align-center tt-about-text-center\">\ud83d\udce9 Skontaktuj si\u0119 ze mn\u0105 i&nbsp;sprawd\u017a, jak mog\u0119 pom\u00f3c Twojej firmie.<\/p>\n<\/div><\/div>\n\n\n\n<hr class=\"wp-block-separator has-text-color has-alpha-channel-opacity has-background is-style-wide\" style=\"background-color:#ff7200;color:#ff7200\"\/>\n\n\n\n<div class=\"ogb-block ogb-section ogb-section-5d02954d\"><div class=\"ogb-section-container\">\n<div class=\"ogb-block ogb-heading ogb-heading-0c9b2e56 ogb-heading-left tt-about-mission-h\"><h4 class=\"ogb-heading-text tt-about-mission-h\">Moja misja:<\/h4><\/div>\n\n\n\n<p class=\"tt-about-mission\">Pomagam firmom i&nbsp;organizacjom osi\u0105gn\u0105\u0107 realn\u0105 cyber\u00adodporno\u015b\u0107, dostarczaj\u0105c strategiczne i&nbsp;skuteczne rozwi\u0105zania bezpiecze\u0144stwa IT, kt\u00f3re wspieraj\u0105 ich cele biznesowe.<\/p>\n<\/div><\/div>\n\n\n\n<div style=\"height:15px\" aria-hidden=\"true\" class=\"wp-block-spacer\"><\/div>\n\n\n\n<div class=\"ogb-block ogb-section ogb-section-4aa7c455\"><div class=\"ogb-section-container\">\n<div class=\"ogb-block ogb-heading ogb-heading-a2d408b8 ogb-heading-left tt-about-mission-h\"><h4 class=\"ogb-heading-text tt-about-mission-h\">Moje warto\u015bci:<\/h4><\/div>\n\n\n\n<p class=\"tt-about-mission\">Precyzja, profesjonalizm i&nbsp;wiarygodno\u015b\u0107 \u2013 zawsze dzia\u0142am systemowo, skutecznie i&nbsp;bez kompromis\u00f3w. Stawiam na ci\u0105g\u0142e doskonalenie oraz partnersk\u0105 wsp\u00f3\u0142prac\u0119 opart\u0105 na szacunku i&nbsp;zrozumieniu potrzeb biznesowych.<\/p>\n<\/div><\/div>\n\n\n\n<div style=\"height:15px\" aria-hidden=\"true\" class=\"wp-block-spacer\"><\/div>\n\n\n\n<div class=\"ogb-block ogb-section ogb-section-4aa7c455\"><div class=\"ogb-section-container\">\n<div class=\"ogb-block ogb-heading ogb-heading-a2d408b8 ogb-heading-left tt-about-mission-h\"><h4 class=\"ogb-heading-text tt-about-mission-h\">Wi\u0119cej informacji o mnie:<\/h4><\/div>\n\n\n\n<p class=\"tt-about-mission\">LinkedIn &#8211; <a href=\"https:\/\/www.linkedin.com\/in\/tomtrz\/\" target=\"_blank\" rel=\"noreferrer noopener nofollow\">https:\/\/www.linkedin.com\/in\/tomtrz\/<\/a><\/p>\n<\/div><\/div>\n\n\n\n<hr class=\"wp-block-separator has-text-color has-alpha-channel-opacity has-background is-style-wide\" style=\"background-color:#ff7200;color:#ff7200\"\/>\n\n\n\n<p class=\"tt-about-mission\">Wsp\u00f3\u0142pracuj\u0119 z ekspertami, kt\u00f3rzy podzielaj\u0105 te warto\u015bci \u2013 razem sprawiamy, \u017ce technologia staje si\u0119 bezpiecznym fundamentem rozwoju biznesu.<\/p>\n\n\n\n<hr class=\"wp-block-separator has-text-color has-alpha-channel-opacity has-background is-style-wide\" style=\"background-color:#ff7200;color:#ff7200\"\/>\n\n\n\n<div style=\"height:35px\" aria-hidden=\"true\" class=\"wp-block-spacer\"><\/div>\n\n\n\n<div class=\"ogb-block ogb-section ogb-section-03d3fe97\"><div class=\"ogb-section-container\">\n<div class=\"wp-block-buttons is-layout-flex wp-block-buttons-is-layout-flex\">\n<div class=\"wp-block-button has-custom-font-size\" style=\"font-size:14px;letter-spacing:2px\"><a class=\"wp-block-button__link wp-element-button\" href=\"https:\/\/outlook.office.com\/bookwithme\/user\/95d3d5fe5c1545ab93ec3b63541772c5@concon.eu\/meetingtype\/ASOdzI4Fsk-CQjT87UtT9Q2?anonymous&#038;ep=mlink\" style=\"border-radius:10px\" target=\"_blank\" rel=\" noreferrer noopener nofollow\">Um\u00f3w spotkanie Teams<\/a><\/div>\n\n\n\n<div class=\"wp-block-button has-custom-font-size omw-open-modal\" style=\"font-size:14px;letter-spacing:2px\"><a class=\"wp-block-button__link wp-element-button\" href=\"#omw-1030\" style=\"border-radius:10px\">Formularz kontaktowy<\/a><\/div>\n<\/div>\n<\/div><\/div>\n\n\n\n<div style=\"height:30px\" aria-hidden=\"true\" class=\"wp-block-spacer\"><\/div>\n<\/div><\/div>\n<\/div><\/div>\n","protected":false},"excerpt":{"rendered":"","protected":false},"author":1,"featured_media":0,"parent":0,"menu_order":0,"comment_status":"closed","ping_status":"closed","template":"","meta":{"ocean_post_layout":"full-screen","ocean_both_sidebars_style":"","ocean_both_sidebars_content_width":0,"ocean_both_sidebars_sidebars_width":0,"ocean_sidebar":"","ocean_second_sidebar":"","ocean_disable_margins":"enable","ocean_add_body_class":"","ocean_shortcode_before_top_bar":"","ocean_shortcode_after_top_bar":"","ocean_shortcode_before_header":"","ocean_shortcode_after_header":"","ocean_has_shortcode":"","ocean_shortcode_after_title":"","ocean_shortcode_before_footer_widgets":"","ocean_shortcode_after_footer_widgets":"","ocean_shortcode_before_footer_bottom":"","ocean_shortcode_after_footer_bottom":"","ocean_display_top_bar":"default","ocean_display_header":"default","ocean_header_style":"","ocean_center_header_left_menu":"","ocean_custom_header_template":"","ocean_custom_logo":0,"ocean_custom_retina_logo":0,"ocean_custom_logo_max_width":0,"ocean_custom_logo_tablet_max_width":0,"ocean_custom_logo_mobile_max_width":0,"ocean_custom_logo_max_height":0,"ocean_custom_logo_tablet_max_height":0,"ocean_custom_logo_mobile_max_height":0,"ocean_header_custom_menu":"","ocean_menu_typo_font_family":"","ocean_menu_typo_font_subset":"","ocean_menu_typo_font_size":0,"ocean_menu_typo_font_size_tablet":0,"ocean_menu_typo_font_size_mobile":0,"ocean_menu_typo_font_size_unit":"px","ocean_menu_typo_font_weight":"","ocean_menu_typo_font_weight_tablet":"","ocean_menu_typo_font_weight_mobile":"","ocean_menu_typo_transform":"","ocean_menu_typo_transform_tablet":"","ocean_menu_typo_transform_mobile":"","ocean_menu_typo_line_height":0,"ocean_menu_typo_line_height_tablet":0,"ocean_menu_typo_line_height_mobile":0,"ocean_menu_typo_line_height_unit":"","ocean_menu_typo_spacing":0,"ocean_menu_typo_spacing_tablet":0,"ocean_menu_typo_spacing_mobile":0,"ocean_menu_typo_spacing_unit":"","ocean_menu_link_color":"","ocean_menu_link_color_hover":"","ocean_menu_link_color_active":"","ocean_menu_link_background":"","ocean_menu_link_hover_background":"","ocean_menu_link_active_background":"","ocean_menu_social_links_bg":"","ocean_menu_social_hover_links_bg":"","ocean_menu_social_links_color":"","ocean_menu_social_hover_links_color":"","ocean_disable_title":"default","ocean_disable_heading":"default","ocean_post_title":"","ocean_post_subheading":"","ocean_post_title_style":"","ocean_post_title_background_color":"","ocean_post_title_background":0,"ocean_post_title_bg_image_position":"","ocean_post_title_bg_image_attachment":"","ocean_post_title_bg_image_repeat":"","ocean_post_title_bg_image_size":"","ocean_post_title_height":0,"ocean_post_title_bg_overlay":0.5,"ocean_post_title_bg_overlay_color":"","ocean_disable_breadcrumbs":"off","ocean_breadcrumbs_color":"","ocean_breadcrumbs_separator_color":"","ocean_breadcrumbs_links_color":"","ocean_breadcrumbs_links_hover_color":"","ocean_display_footer_widgets":"default","ocean_display_footer_bottom":"default","ocean_custom_footer_template":"","omw_enable_modal_window":"enable","ofc_enable_fullscreen":"disable","ofc_fullscreen_speed":0,"ofc_fullscreen_nav":"enable","ofc_fullscreen_nav_pos":"right","ofc_fullscreen_nav_color":"","ofc_fullscreen_nav_tooltip_color":"","ofc_fullscreen_responsive":0,"osp_disable_panel":"default","osh_disable_topbar_sticky":"default","osh_disable_header_sticky":"default","osh_sticky_header_style":"default","osh_sticky_header_effect":"","osh_custom_sticky_logo":0,"osh_custom_retina_sticky_logo":0,"osh_custom_sticky_logo_height":0,"osh_background_color":"","osh_links_color":"","osh_links_hover_color":"","osh_links_active_color":"","osh_links_bg_color":"","osh_links_hover_bg_color":"","osh_links_active_bg_color":"","osh_menu_social_links_color":"","osh_menu_social_hover_links_color":"","footnotes":""},"class_list":["post-60","page","type-page","status-publish","hentry","entry"],"_links":{"self":[{"href":"https:\/\/concon.eu\/pl\/wp-json\/wp\/v2\/pages\/60","targetHints":{"allow":["GET"]}}],"collection":[{"href":"https:\/\/concon.eu\/pl\/wp-json\/wp\/v2\/pages"}],"about":[{"href":"https:\/\/concon.eu\/pl\/wp-json\/wp\/v2\/types\/page"}],"author":[{"embeddable":true,"href":"https:\/\/concon.eu\/pl\/wp-json\/wp\/v2\/users\/1"}],"replies":[{"embeddable":true,"href":"https:\/\/concon.eu\/pl\/wp-json\/wp\/v2\/comments?post=60"}],"version-history":[{"count":203,"href":"https:\/\/concon.eu\/pl\/wp-json\/wp\/v2\/pages\/60\/revisions"}],"predecessor-version":[{"id":1839,"href":"https:\/\/concon.eu\/pl\/wp-json\/wp\/v2\/pages\/60\/revisions\/1839"}],"wp:attachment":[{"href":"https:\/\/concon.eu\/pl\/wp-json\/wp\/v2\/media?parent=60"}],"curies":[{"name":"wp","href":"https:\/\/api.w.org\/{rel}","templated":true}]}}