{"id":43,"date":"2025-03-02T18:41:07","date_gmt":"2025-03-02T17:41:07","guid":{"rendered":"https:\/\/concon.eu\/pl\/?page_id=43"},"modified":"2025-03-23T23:40:18","modified_gmt":"2025-03-23T22:40:18","slug":"start-page","status":"publish","type":"page","link":"https:\/\/concon.eu\/pl\/","title":{"rendered":"Strona G\u0142\u00f3wna"},"content":{"rendered":"\n<div class=\"wp-block-ogb-columns ogb-block ogb-columns ogb-columns-69716370 ogb-columns-horizontal-center\"><div class=\"ogb-columns-container\">\n<div class=\"ogb-block ogb-column ogb-column-68b97f1e\"><div class=\"ogb-column-container\"><\/div><\/div>\n\n\n\n<div class=\"ogb-block ogb-column ogb-column-a714589b\"><div class=\"ogb-column-container\">\n<div style=\"height:34px\" aria-hidden=\"true\" class=\"wp-block-spacer\"><\/div>\n\n\n<div class=\"wp-block-image\">\n<figure class=\"aligncenter size-full is-resized\"><img loading=\"lazy\" decoding=\"async\" width=\"2206\" height=\"2206\" src=\"https:\/\/concon.eu\/wp-content\/uploads\/2025\/03\/CONCON-header-logo.png\" alt=\"CONCON logo\" class=\"wp-image-33\" style=\"width:350px\" srcset=\"https:\/\/concon.eu\/wp-content\/uploads\/2025\/03\/CONCON-header-logo.png 2206w, https:\/\/concon.eu\/wp-content\/uploads\/2025\/03\/CONCON-header-logo-600x600.png 600w, https:\/\/concon.eu\/wp-content\/uploads\/2025\/03\/CONCON-header-logo-2048x2048.png 2048w, https:\/\/concon.eu\/wp-content\/uploads\/2025\/03\/CONCON-header-logo-150x150.png 150w, https:\/\/concon.eu\/wp-content\/uploads\/2025\/03\/CONCON-header-logo-768x768.png 768w, https:\/\/concon.eu\/wp-content\/uploads\/2025\/03\/CONCON-header-logo-1536x1536.png 1536w\" sizes=\"auto, (max-width: 2206px) 100vw, 2206px\" \/><\/figure>\n<\/div>\n\n\n<div style=\"height:5px\" aria-hidden=\"true\" class=\"wp-block-spacer\"><\/div>\n\n\n\n<div class=\"ogb-block ogb-heading ogb-heading-80b2e963 ogb-heading-center\"><h2 class=\"ogb-heading-text\"><strong><em>Integrating Cybersecurity into your Business<\/em><\/strong><\/h2><\/div>\n\n\n\n<div class=\"ogb-block ogb-heading ogb-heading-c6c1a0d8 ogb-heading-center\"><h3 class=\"ogb-heading-text\">Scalamy Cyberbezpiecze\u0144stwo z Twoim Biznesem<\/h3><\/div>\n\n\n\n<div style=\"height:15px\" aria-hidden=\"true\" class=\"wp-block-spacer\"><\/div>\n<\/div><\/div>\n\n\n\n<div class=\"ogb-block ogb-column ogb-column-d3df25c2\"><div class=\"ogb-column-container\"><\/div><\/div>\n<\/div><\/div>\n\n\n\n<div class=\"wp-block-ogb-columns ogb-block ogb-columns ogb-columns-792517f8 ogb-columns-horizontal-center\"><div class=\"ogb-columns-container\">\n<div class=\"ogb-block ogb-column ogb-column-2bb3da1c\"><div class=\"ogb-column-container\">\n<div style=\"height:41px\" aria-hidden=\"true\" class=\"wp-block-spacer\"><\/div>\n\n\n\n<div class=\"ogb-block ogb-heading ogb-heading-171551bc ogb-heading-center\"><h2 class=\"ogb-heading-text\"><strong>Contemporary Consulting<\/strong> od\u00a0<strong>CONCON<\/strong><br>doradzamy dzisiaj jak jutro zapewni\u0107 nowoczesne bezpiecze\u0144stwo teleinformatyczne i\u00a0cyber\u00a0bezpiecze\u0144stwo.<\/h2><\/div>\n\n\n\n<div style=\"height:5px\" aria-hidden=\"true\" class=\"wp-block-spacer\"><\/div>\n\n\n\n<hr class=\"wp-block-separator aligncenter has-text-color has-alpha-channel-opacity has-background is-style-wide\" style=\"background-color:#f16c00;color:#f16c00\"\/>\n\n\n\n<div class=\"ogb-block ogb-heading ogb-heading-956fa318 ogb-heading-center\"><p class=\"ogb-heading-text\">Pomagamy osi\u0105gn\u0105\u0107 dojrza\u0142o\u015b\u0107 technologiczn\u0105 oraz cyber\u00a0odporno\u015b\u0107 firm i\u00a0przedsi\u0119biorstw na wyzwania jutra.<\/p><\/div>\n\n\n\n<div style=\"height:25px\" aria-hidden=\"true\" class=\"wp-block-spacer\"><\/div>\n\n\n\n<div class=\"ogb-block ogb-heading ogb-heading-171551bc ogb-heading-center\"><p class=\"ogb-heading-text\">Dzielimy si\u0119 nasz\u0105 wiedz\u0105 i\u00a0do\u015bwiadczeniem zdobytymi na przestrzeni wielu lat w\u00a0realizacji projekt\u00f3w z\u00a0zakresu IT, bezpiecze\u0144stwa oraz cyber\u00a0bezpiecze\u0144stwa.<\/p><\/div>\n\n\n\n<div style=\"height:25px\" aria-hidden=\"true\" class=\"wp-block-spacer\"><\/div>\n\n\n\n<div class=\"ogb-block ogb-heading ogb-heading-02c3edec ogb-heading-center\"><h3 class=\"ogb-heading-text\">Wspieramy w ci\u0105g\u0142ym doskonaleniu proces\u00f3w IT i\u00a0cyber\u00a0bezpiecze\u0144stwa.<\/h3><\/div>\n\n\n\n<div style=\"height:50px\" aria-hidden=\"true\" class=\"wp-block-spacer\"><\/div>\n<\/div><\/div>\n<\/div><\/div>\n\n\n\n<div style=\"height:10px\" aria-hidden=\"true\" class=\"wp-block-spacer\"><\/div>\n\n\n\n<div class=\"wp-block-ogb-columns ogb-block ogb-columns ogb-columns-f46d3426\"><div class=\"ogb-columns-bg-wrapper\"><div class=\"ogb-columns-bg\" style=\"background-image:url(https:\/\/concon.eu\/wp-content\/uploads\/2025\/03\/support.jpg)\"><\/div><\/div><div class=\"ogb-columns-container\">\n<div class=\"ogb-block ogb-column ogb-column-61a0c2e6\"><div class=\"ogb-column-container\">\n<div class=\"wp-block-ogb-columns ogb-block ogb-columns ogb-columns-79b1825d\"><div class=\"ogb-columns-container\">\n<div class=\"ogb-block ogb-column ogb-column-a11d9a42\"><div class=\"ogb-column-container\">\n<div style=\"height:30px\" aria-hidden=\"true\" class=\"wp-block-spacer\"><\/div>\n\n\n\n<div class=\"ogb-block ogb-heading ogb-heading-d1411257 ogb-heading-center\"><p class=\"ogb-heading-text\">Jak mo\u017cemy Ci pom\u00f3c ?<\/p><\/div>\n\n\n\n<div style=\"height:15px\" aria-hidden=\"true\" class=\"wp-block-spacer\"><\/div>\n\n\n\n<div class=\"wp-block-group tt-mainpage-grid is-layout-grid wp-container-core-group-is-layout-baef362d wp-block-group-is-layout-grid\">\n<div class=\"ogb-block ogb-section ogb-section-711afb5e ogb-vertically-aligned-top\"><div class=\"ogb-section-container\">\n<div class=\"ogb-block ogb-heading ogb-heading-6bd34a36 ogb-heading-center\"><p class=\"ogb-heading-text\">SECURITY ASSESSMENT<\/p><\/div>\n\n\n\n<p class=\"has-text-align-left tt-text-howhelp-header\" style=\"font-size:24px\">Potrzebujesz:<\/p>\n\n\n\n<p class=\"has-text-align-left tt-text-howhelp\" style=\"font-size:18px\">\u2022 Oceny stanu bezpiecze\u0144stwa lub niezale\u017cnej opinii<\/p>\n\n\n\n<p class=\"has-text-align-left tt-text-howhelp\" style=\"font-size:18px\">\u2022 Security Due Dilligence przed lub po akwizycji<\/p>\n\n\n\n<p class=\"has-text-align-left tt-text-howhelp\" style=\"font-size:18px\">\u2022 Doradztwa technologicznego w kwestiach bezpiecze\u0144stwa informacji i cyberbezpiecze\u0144stwa<\/p>\n\n\n\n<a href=\"https:\/\/concon.eu\/pl\/kontakt\/\"><span class=\"tt-link\"><\/span><\/a>\n<\/div><\/div>\n\n\n\n<div class=\"ogb-block ogb-section ogb-section-9a22694d ogb-vertically-aligned-top\"><div class=\"ogb-section-container\">\n<div class=\"ogb-block ogb-heading ogb-heading-a3817b92 ogb-heading-center\"><p class=\"ogb-heading-text\">CYBER ADVISORY<\/p><\/div>\n\n\n\n<p class=\"has-text-align-left tt-text-howhelp-header\" style=\"font-size:24px\">Potrzebujesz:<\/p>\n\n\n\n<p class=\"has-text-align-left tt-text-howhelp\" style=\"font-size:18px\">\u2022 Strategii Bezpiecze\u0144stwa Informacji i Cyberbezpiecze\u0144stwa<\/p>\n\n\n\n<p class=\"has-text-align-left tt-text-howhelp\" style=\"font-size:18px\">\u2022 Zwi\u0119kszy\u0107 odporno\u015b\u0107 organizacji<\/p>\n\n\n\n<p class=\"has-text-align-left tt-text-howhelp\" style=\"font-size:18px\">\u2022 Oceni\u0107 zgodno\u015b\u0107 z regulacjami (Compliance)<\/p>\n\n\n\n<p class=\"has-text-align-left tt-text-howhelp\" style=\"font-size:18px\">\u2022 Zdefiniowa\u0107 architektur\u0119 bezpiecze\u0144stwa IT<\/p>\n\n\n\n<a href=\"https:\/\/concon.eu\/pl\/kontakt\/\"><span class=\"tt-link\"><\/span><\/a>\n<\/div><\/div>\n\n\n\n<div class=\"ogb-block ogb-section ogb-section-fe77e681 ogb-vertically-aligned-top\"><div class=\"ogb-section-container\">\n<div class=\"ogb-block ogb-heading ogb-heading-4908cba2 ogb-heading-center\"><p class=\"ogb-heading-text\">TRANSFORMATION<\/p><\/div>\n\n\n\n<p class=\"has-text-align-left tt-text-howhelp-header\" style=\"font-size:24px\">Potrzebujesz:<\/p>\n\n\n\n<p class=\"tt-text-howhelp\" style=\"font-size:18px\">\u2022 Przeprowadzi\u0107 transformacj\u0119 IT, bezpiecze\u0144stwa lub cyberbezpiecze\u0144stwa<\/p>\n\n\n\n<p class=\"tt-text-howhelp\" style=\"font-size:18px\">\u2022 Usprawni\u0107 procesy IT<\/p>\n\n\n\n<p class=\"tt-text-howhelp\" style=\"font-size:18px\">\u2022 Udoskonali\u0107 operacje cyberbezpiecze\u0144stwa<\/p>\n\n\n\n<p class=\"tt-text-howhelp\" style=\"font-size:18px\">\u2022 Uporz\u0105dkowa\u0107 portfolio projekt\u00f3w bezpiecze\u0144stwa<\/p>\n\n\n\n<p class=\"tt-text-howhelp\" style=\"font-size:18px\">\u2022 Zbudowa\u0107 SOC<\/p>\n\n\n\n<p class=\"tt-text-howhelp\" style=\"font-size:18px\">\u2022 Wdro\u017cy\u0107 Zarz\u0105dzanie To\u017csamo\u015bci\u0105<\/p>\n\n\n\n<a href=\"https:\/\/concon.eu\/pl\/kontakt\/\"><span class=\"tt-link\"><\/span><\/a>\n<\/div><\/div>\n\n\n\n<div class=\"ogb-block ogb-section ogb-section-d38a50c9 ogb-vertically-aligned-top\"><div class=\"ogb-section-container\">\n<div class=\"ogb-block ogb-heading ogb-heading-86dd8e8a ogb-heading-center\"><p class=\"ogb-heading-text\">OPERATION<\/p><\/div>\n\n\n\n<p class=\"tt-text-howhelp-header\" style=\"font-size:24px\">Potrzebujesz:<\/p>\n\n\n\n<p class=\"tt-text-howhelp\" style=\"font-size:18px\">\u2022 Wdro\u017cy\u0107 efektywne zarz\u0105dzenie ryzykiem teleinformatycznym i cyberbezpiecze\u0144stwa<\/p>\n\n\n\n<p class=\"tt-text-howhelp\" style=\"font-size:18px\">\u2022 Zarz\u0105dzi\u0107 ukrytym IT (shadow IT)<\/p>\n\n\n\n<p class=\"tt-text-howhelp\" style=\"font-size:18px\">\u2022 Zapanowa\u0107 nad bezpiecze\u0144stwem defensywnym<\/p>\n\n\n\n<p class=\"tt-text-howhelp\" style=\"font-size:18px\">\u2022 Efektywnie zarz\u0105dza\u0107 podatno\u015bciami<\/p>\n\n\n\n<p class=\"tt-text-howhelp\" style=\"font-size:18px\">\u2022 Wdro\u017cy\u0107 techniki ofensywnego bezpiecze\u0144stwa<\/p>\n\n\n\n<a href=\"https:\/\/concon.eu\/pl\/kontakt\/\"><span class=\"tt-link\"><\/span><\/a>\n<\/div><\/div>\n<\/div>\n\n\n\n<div style=\"height:10px\" aria-hidden=\"true\" class=\"wp-block-spacer\"><\/div>\n\n\n\n<div class=\"ogb-block ogb-section ogb-section-93be142c\"><div class=\"ogb-section-container\">\n<div class=\"ogb-block ogb-heading ogb-heading-bb2fe793 ogb-heading-center\"><p class=\"ogb-heading-text\">CISO as a Service<\/p><\/div>\n\n\n\n<p class=\"tt-text-howhelp-header\" style=\"font-size:24px\">Zapewnimy us\u0142ug\u0119 oficera bezpiecze\u0144stwa:<\/p>\n\n\n\n<p class=\"has-text-align-left tt-text-howhelp\" style=\"font-size:18px\">Je\u017celi potrzebujesz zaadresowa\u0107 wi\u0119kszo\u015b\u0107 lub wszystkie wymienione problemy zwi\u0105zane z bezpiecze\u0144stwem teleinformatycznym i cyberbezpiecze\u0144stwem.<\/p>\n\n\n\n<p class=\"has-text-align-left tt-text-howhelp\" style=\"font-size:18px\">Je\u017celi potrzebujesz dostarczy\u0107 swojej organizacji niezb\u0119dne procesy bezpiecze\u0144stwa tak, by zapewni\u0107 odporno\u015b\u0107 na zagro\u017cenia i utrzyma\u0107 ryzyko na oczekiwanym akceptowanym poziomie.<\/p>\n\n\n\n<a href=\"https:\/\/concon.eu\/pl\/kontakt\/\"><span class=\"tt-link\"><\/span><\/a>\n<\/div><\/div>\n\n\n\n<div style=\"height:43px\" aria-hidden=\"true\" class=\"wp-block-spacer\"><\/div>\n<\/div><\/div>\n<\/div><\/div>\n<\/div><\/div>\n<\/div><\/div>\n\n\n\n<div style=\"height:58px\" aria-hidden=\"true\" class=\"wp-block-spacer\"><\/div>\n\n\n\n<div style=\"height:10px\" aria-hidden=\"true\" class=\"wp-block-spacer\"><\/div>\n","protected":false},"excerpt":{"rendered":"","protected":false},"author":1,"featured_media":0,"parent":0,"menu_order":0,"comment_status":"closed","ping_status":"closed","template":"","meta":{"ocean_post_layout":"full-screen","ocean_both_sidebars_style":"","ocean_both_sidebars_content_width":0,"ocean_both_sidebars_sidebars_width":0,"ocean_sidebar":"","ocean_second_sidebar":"","ocean_disable_margins":"enable","ocean_add_body_class":"","ocean_shortcode_before_top_bar":"","ocean_shortcode_after_top_bar":"","ocean_shortcode_before_header":"","ocean_shortcode_after_header":"","ocean_has_shortcode":"","ocean_shortcode_after_title":"","ocean_shortcode_before_footer_widgets":"","ocean_shortcode_after_footer_widgets":"","ocean_shortcode_before_footer_bottom":"","ocean_shortcode_after_footer_bottom":"","ocean_display_top_bar":"default","ocean_display_header":"default","ocean_header_style":"","ocean_center_header_left_menu":"","ocean_custom_header_template":"","ocean_custom_logo":0,"ocean_custom_retina_logo":0,"ocean_custom_logo_max_width":113,"ocean_custom_logo_tablet_max_width":0,"ocean_custom_logo_mobile_max_width":0,"ocean_custom_logo_max_height":0,"ocean_custom_logo_tablet_max_height":0,"ocean_custom_logo_mobile_max_height":0,"ocean_header_custom_menu":"","ocean_menu_typo_font_family":"","ocean_menu_typo_font_subset":"","ocean_menu_typo_font_size":0,"ocean_menu_typo_font_size_tablet":0,"ocean_menu_typo_font_size_mobile":0,"ocean_menu_typo_font_size_unit":"px","ocean_menu_typo_font_weight":"","ocean_menu_typo_font_weight_tablet":"","ocean_menu_typo_font_weight_mobile":"","ocean_menu_typo_transform":"","ocean_menu_typo_transform_tablet":"","ocean_menu_typo_transform_mobile":"","ocean_menu_typo_line_height":0,"ocean_menu_typo_line_height_tablet":0,"ocean_menu_typo_line_height_mobile":0,"ocean_menu_typo_line_height_unit":"","ocean_menu_typo_spacing":0,"ocean_menu_typo_spacing_tablet":0,"ocean_menu_typo_spacing_mobile":0,"ocean_menu_typo_spacing_unit":"","ocean_menu_link_color":"","ocean_menu_link_color_hover":"","ocean_menu_link_color_active":"","ocean_menu_link_background":"","ocean_menu_link_hover_background":"","ocean_menu_link_active_background":"","ocean_menu_social_links_bg":"","ocean_menu_social_hover_links_bg":"","ocean_menu_social_links_color":"","ocean_menu_social_hover_links_color":"","ocean_disable_title":"on","ocean_disable_heading":"default","ocean_post_title":"","ocean_post_subheading":"","ocean_post_title_style":"","ocean_post_title_background_color":"","ocean_post_title_background":0,"ocean_post_title_bg_image_position":"","ocean_post_title_bg_image_attachment":"","ocean_post_title_bg_image_repeat":"","ocean_post_title_bg_image_size":"","ocean_post_title_height":0,"ocean_post_title_bg_overlay":0.5,"ocean_post_title_bg_overlay_color":"","ocean_disable_breadcrumbs":"off","ocean_breadcrumbs_color":"","ocean_breadcrumbs_separator_color":"","ocean_breadcrumbs_links_color":"","ocean_breadcrumbs_links_hover_color":"","ocean_display_footer_widgets":"default","ocean_display_footer_bottom":"default","ocean_custom_footer_template":"","omw_enable_modal_window":"enable","ofc_enable_fullscreen":"disable","ofc_fullscreen_speed":537,"ofc_fullscreen_nav":"enable","ofc_fullscreen_nav_pos":"right","ofc_fullscreen_nav_color":"","ofc_fullscreen_nav_tooltip_color":"","ofc_fullscreen_responsive":846,"osp_disable_panel":"default","osh_disable_topbar_sticky":"default","osh_disable_header_sticky":"default","osh_sticky_header_style":"default","osh_sticky_header_effect":"","osh_custom_sticky_logo":0,"osh_custom_retina_sticky_logo":0,"osh_custom_sticky_logo_height":0,"osh_background_color":"","osh_links_color":"","osh_links_hover_color":"","osh_links_active_color":"","osh_links_bg_color":"","osh_links_hover_bg_color":"","osh_links_active_bg_color":"","osh_menu_social_links_color":"","osh_menu_social_hover_links_color":"","footnotes":""},"class_list":["post-43","page","type-page","status-publish","hentry","entry"],"_links":{"self":[{"href":"https:\/\/concon.eu\/pl\/wp-json\/wp\/v2\/pages\/43","targetHints":{"allow":["GET"]}}],"collection":[{"href":"https:\/\/concon.eu\/pl\/wp-json\/wp\/v2\/pages"}],"about":[{"href":"https:\/\/concon.eu\/pl\/wp-json\/wp\/v2\/types\/page"}],"author":[{"embeddable":true,"href":"https:\/\/concon.eu\/pl\/wp-json\/wp\/v2\/users\/1"}],"replies":[{"embeddable":true,"href":"https:\/\/concon.eu\/pl\/wp-json\/wp\/v2\/comments?post=43"}],"version-history":[{"count":757,"href":"https:\/\/concon.eu\/pl\/wp-json\/wp\/v2\/pages\/43\/revisions"}],"predecessor-version":[{"id":1841,"href":"https:\/\/concon.eu\/pl\/wp-json\/wp\/v2\/pages\/43\/revisions\/1841"}],"wp:attachment":[{"href":"https:\/\/concon.eu\/pl\/wp-json\/wp\/v2\/media?parent=43"}],"curies":[{"name":"wp","href":"https:\/\/api.w.org\/{rel}","templated":true}]}}